{"id":1449,"date":"2021-03-10T09:54:36","date_gmt":"2021-03-10T09:54:36","guid":{"rendered":"https:\/\/ld-wp73.template-help.com\/beclinic\/skin_24\/?page_id=9"},"modified":"2021-12-08T17:32:55","modified_gmt":"2021-12-08T20:32:55","slug":"home","status":"publish","type":"page","link":"http:\/\/vialana.com.br\/site\/","title":{"rendered":"Home"},"content":{"rendered":"\t\t<div data-elementor-type=\"wp-page\" data-elementor-id=\"1449\" class=\"elementor elementor-1449\" data-elementor-settings=\"[]\">\n\t\t\t\t\t\t\t<div class=\"elementor-section-wrap\">\n\t\t\t\t\t\t\t<section class=\"elementor-section elementor-top-section elementor-element elementor-element-9b30997 elementor-section-height-min-height elementor-section-boxed elementor-section-height-default elementor-section-items-middle\" data-id=\"9b30997\" data-element_type=\"section\" data-settings=\"{&quot;background_background&quot;:&quot;classic&quot;}\">\n\t\t\t\t\t\t<div class=\"elementor-container elementor-column-gap-no\">\n\t\t\t\t\t<div class=\"elementor-column elementor-col-100 elementor-top-column elementor-element elementor-element-4ac5d30\" data-id=\"4ac5d30\" data-element_type=\"column\">\n\t\t\t<div class=\"elementor-widget-wrap elementor-element-populated\">\n\t\t\t\t\t\t\t\t<div class=\"elementor-element elementor-element-e49a9de elementor-widget elementor-widget-jet-headline\" data-id=\"e49a9de\" data-element_type=\"widget\" data-widget_type=\"jet-headline.default\">\n\t\t\t\t<div class=\"elementor-widget-container\">\n\t\t\t<h1 class=\"jet-headline jet-headline--direction-vertical\"><span class=\"jet-headline__part jet-headline__first\"><span class=\"jet-headline__label\">Psic\u00f3loga<\/span><\/span><span class=\"jet-headline__part jet-headline__second\"><span class=\"jet-headline__label\">humanista<\/span><\/span><\/h1>\t\t<\/div>\n\t\t\t\t<\/div>\n\t\t\t\t<div class=\"elementor-element elementor-element-1addabb elementor-widget__width-initial elementor-widget elementor-widget-text-editor\" data-id=\"1addabb\" data-element_type=\"widget\" data-widget_type=\"text-editor.default\">\n\t\t\t\t<div class=\"elementor-widget-container\">\n\t\t\t\t\t\t\t\t<p>Como Psic\u00f3loga Cl\u00ednica Humanista acredito na psicologia do sentido da vida e na autossupera\u00e7\u00e3o e resili\u00eancia humana.<\/p>\t\t\t\t\t\t<\/div>\n\t\t\t\t<\/div>\n\t\t\t\t\t<\/div>\n\t\t<\/div>\n\t\t\t\t\t\t\t<\/div>\n\t\t<\/section>\n\t\t\t\t<section class=\"elementor-section elementor-top-section elementor-element elementor-element-2fb0b84 elementor-section-boxed elementor-section-height-default elementor-section-height-default\" data-id=\"2fb0b84\" data-element_type=\"section\" data-settings=\"{&quot;background_background&quot;:&quot;classic&quot;}\">\n\t\t\t\t\t\t<div class=\"elementor-container elementor-column-gap-no\">\n\t\t\t\t\t<div class=\"elementor-column elementor-col-50 elementor-top-column elementor-element elementor-element-7e33da2\" data-id=\"7e33da2\" data-element_type=\"column\">\n\t\t\t<div class=\"elementor-widget-wrap elementor-element-populated\">\n\t\t\t\t\t\t\t\t<div class=\"elementor-element elementor-element-57818e7 elementor-widget elementor-widget-jet-headline\" data-id=\"57818e7\" data-element_type=\"widget\" data-widget_type=\"jet-headline.default\">\n\t\t\t\t<div class=\"elementor-widget-container\">\n\t\t\t<h2 class=\"jet-headline jet-headline--direction-vertical\"><span class=\"jet-headline__part jet-headline__first\"><span class=\"jet-headline__label\">Conhe\u00e7a a <\/span><\/span><span class=\"jet-headline__part jet-headline__second\"><span class=\"jet-headline__label\">Vialana<\/span><\/span><\/h2>\t\t<\/div>\n\t\t\t\t<\/div>\n\t\t\t\t<div class=\"elementor-element elementor-element-16505ea elementor-widget elementor-widget-text-editor\" data-id=\"16505ea\" data-element_type=\"widget\" data-widget_type=\"text-editor.default\">\n\t\t\t\t<div class=\"elementor-widget-container\">\n\t\t\t\t\t\t\t\t<p>Psic\u00f3loga humanista<br \/>Hipnoterapeuta<br \/>Professora<\/p>\t\t\t\t\t\t<\/div>\n\t\t\t\t<\/div>\n\t\t\t\t<div class=\"elementor-element elementor-element-3144c09 elementor-widget elementor-widget-text-editor\" data-id=\"3144c09\" data-element_type=\"widget\" data-widget_type=\"text-editor.default\">\n\t\t\t\t<div class=\"elementor-widget-container\">\n\t\t\t\t\t\t\t\t\t\t\t\t\t\t<\/div>\n\t\t\t\t<\/div>\n\t\t\t\t\t<\/div>\n\t\t<\/div>\n\t\t\t\t<div class=\"elementor-column elementor-col-50 elementor-top-column elementor-element elementor-element-13eab05\" data-id=\"13eab05\" data-element_type=\"column\">\n\t\t\t<div class=\"elementor-widget-wrap elementor-element-populated\">\n\t\t\t\t\t\t\t\t<div class=\"elementor-element elementor-element-1da7904 elementor-widget elementor-widget-image\" data-id=\"1da7904\" data-element_type=\"widget\" data-widget_type=\"image.default\">\n\t\t\t\t<div class=\"elementor-widget-container\">\n\t\t\t\t\t\t\t\t\t\t\t\t\t\t\t<img loading=\"lazy\" decoding=\"async\" width=\"690\" height=\"690\" src=\"http:\/\/vialana.com.br\/site\/wp-content\/uploads\/2021\/08\/foto1.jpg\" class=\"attachment-full size-full\" alt=\"\" srcset=\"http:\/\/vialana.com.br\/site\/wp-content\/uploads\/2021\/08\/foto1.jpg 690w, http:\/\/vialana.com.br\/site\/wp-content\/uploads\/2021\/08\/foto1-300x300.jpg 300w, http:\/\/vialana.com.br\/site\/wp-content\/uploads\/2021\/08\/foto1-150x150.jpg 150w, http:\/\/vialana.com.br\/site\/wp-content\/uploads\/2021\/08\/foto1-370x370.jpg 370w, http:\/\/vialana.com.br\/site\/wp-content\/uploads\/2021\/08\/foto1-512x512.jpg 512w, http:\/\/vialana.com.br\/site\/wp-content\/uploads\/2021\/08\/foto1-600x600.jpg 600w, http:\/\/vialana.com.br\/site\/wp-content\/uploads\/2021\/08\/foto1-100x100.jpg 100w\" sizes=\"auto, (max-width: 690px) 100vw, 690px\" \/>\t\t\t\t\t\t\t\t\t\t\t\t\t\t\t<\/div>\n\t\t\t\t<\/div>\n\t\t\t\t\t<\/div>\n\t\t<\/div>\n\t\t\t\t\t\t\t<\/div>\n\t\t<\/section>\n\t\t\t\t<section class=\"elementor-section elementor-top-section elementor-element elementor-element-6868fe9 elementor-section-boxed elementor-section-height-default elementor-section-height-default\" data-id=\"6868fe9\" data-element_type=\"section\" data-settings=\"{&quot;background_background&quot;:&quot;classic&quot;}\">\n\t\t\t\t\t\t<div class=\"elementor-container elementor-column-gap-no\">\n\t\t\t\t\t<div class=\"elementor-column elementor-col-100 elementor-top-column elementor-element elementor-element-3995f7d\" data-id=\"3995f7d\" data-element_type=\"column\">\n\t\t\t<div class=\"elementor-widget-wrap elementor-element-populated\">\n\t\t\t\t\t\t\t\t<div class=\"elementor-element elementor-element-d60d94a elementor-widget elementor-widget-heading\" data-id=\"d60d94a\" data-element_type=\"widget\" data-widget_type=\"heading.default\">\n\t\t\t\t<div class=\"elementor-widget-container\">\n\t\t\t<h2 class=\"elementor-heading-title elementor-size-default\">Sobre mim<\/h2>\t\t<\/div>\n\t\t\t\t<\/div>\n\t\t\t\t<div class=\"elementor-element elementor-element-9c949f2 elementor-widget elementor-widget-text-editor\" data-id=\"9c949f2\" data-element_type=\"widget\" data-widget_type=\"text-editor.default\">\n\t\t\t\t<div class=\"elementor-widget-container\">\n\t\t\t\t\t\t\t\t<p>\u201cQuando n\u00e3o podemos mais mudar uma situa\u00e7\u00e3o, ent\u00e3o somos desafiados a mudar a n\u00f3s mesmos\u201d <\/p>\n<p>Viktor Frankl<\/p>\t\t\t\t\t\t<\/div>\n\t\t\t\t<\/div>\n\t\t\t\t<div class=\"elementor-element elementor-element-3965753 elementor-widget__width-initial elementor-widget elementor-widget-text-editor\" data-id=\"3965753\" data-element_type=\"widget\" data-widget_type=\"text-editor.default\">\n\t\t\t\t<div class=\"elementor-widget-container\">\n\t\t\t\t\t\t\t\t<p>Como Psic\u00f3loga Cl\u00ednica Humanista acredito na psicologia do sentido da vida e na autossupera\u00e7\u00e3o e resili\u00eancia humana.<br \/>Com a hipnose e arteterapia, al\u00e9m de diversas outras t\u00e9cnicas, recursos e interven\u00e7\u00f5es psicol\u00f3gicas, objetivo a melhoria das pessoas que buscam a cl\u00ednica.<br \/>A Professora Universit\u00e1ria, atua como pesquisadora na \u00e1rea da educa\u00e7\u00e3o e incentiva um mundo melhor constru\u00eddo atrav\u00e9s do papel essencial de uma educa\u00e7\u00e3o emancipat\u00f3ria.<\/p>\t\t\t\t\t\t<\/div>\n\t\t\t\t<\/div>\n\t\t\t\t<div class=\"elementor-element elementor-element-c5f014d elementor-widget elementor-widget-jet-button\" data-id=\"c5f014d\" data-element_type=\"widget\" data-widget_type=\"jet-button.default\">\n\t\t\t\t<div class=\"elementor-widget-container\">\n\t\t\t<div class=\"elementor-jet-button jet-elements\"><div class=\"jet-button__container\">\n\t<a class=\"jet-button__instance jet-button__instance--icon- hover-effect-1\" href=\"http:\/\/vialana.com.br\/site\/a-vialana\/\">\n\t\t<div class=\"jet-button__plane jet-button__plane-normal\"><\/div>\n\t\t<div class=\"jet-button__plane jet-button__plane-hover\"><\/div>\n\t\t<div class=\"jet-button__state jet-button__state-normal\">\n\t\t\t<span class=\"jet-button__label\">SAIBA MAIS<\/span>\t\t<\/div>\n\t\t<div class=\"jet-button__state jet-button__state-hover\">\n\t\t\t<span class=\"jet-button__label\">SAIBA MAIS<\/span>\t\t<\/div>\n\t<\/a>\n<\/div>\n<\/div>\t\t<\/div>\n\t\t\t\t<\/div>\n\t\t\t\t\t<\/div>\n\t\t<\/div>\n\t\t\t\t\t\t\t<\/div>\n\t\t<\/section>\n\t\t\t\t<section class=\"elementor-section elementor-top-section elementor-element elementor-element-7fed891 elementor-section-boxed elementor-section-height-default elementor-section-height-default\" data-id=\"7fed891\" data-element_type=\"section\" data-settings=\"{&quot;background_background&quot;:&quot;classic&quot;}\">\n\t\t\t\t\t\t<div class=\"elementor-container elementor-column-gap-no\">\n\t\t\t\t\t<div class=\"elementor-column elementor-col-50 elementor-top-column elementor-element elementor-element-1f92353\" data-id=\"1f92353\" data-element_type=\"column\">\n\t\t\t<div class=\"elementor-widget-wrap elementor-element-populated\">\n\t\t\t\t\t\t\t\t<div class=\"elementor-element elementor-element-6424f4f elementor-widget elementor-widget-image\" data-id=\"6424f4f\" data-element_type=\"widget\" data-widget_type=\"image.default\">\n\t\t\t\t<div class=\"elementor-widget-container\">\n\t\t\t\t\t\t\t\t\t\t\t\t\t\t\t<img loading=\"lazy\" decoding=\"async\" width=\"840\" height=\"840\" src=\"http:\/\/vialana.com.br\/site\/wp-content\/uploads\/2021\/08\/FOTA.jpg\" class=\"attachment-full size-full\" alt=\"\" srcset=\"http:\/\/vialana.com.br\/site\/wp-content\/uploads\/2021\/08\/FOTA.jpg 840w, http:\/\/vialana.com.br\/site\/wp-content\/uploads\/2021\/08\/FOTA-300x300.jpg 300w, http:\/\/vialana.com.br\/site\/wp-content\/uploads\/2021\/08\/FOTA-150x150.jpg 150w, http:\/\/vialana.com.br\/site\/wp-content\/uploads\/2021\/08\/FOTA-768x768.jpg 768w, http:\/\/vialana.com.br\/site\/wp-content\/uploads\/2021\/08\/FOTA-370x370.jpg 370w, http:\/\/vialana.com.br\/site\/wp-content\/uploads\/2021\/08\/FOTA-512x512.jpg 512w, http:\/\/vialana.com.br\/site\/wp-content\/uploads\/2021\/08\/FOTA-600x600.jpg 600w, http:\/\/vialana.com.br\/site\/wp-content\/uploads\/2021\/08\/FOTA-100x100.jpg 100w\" sizes=\"auto, (max-width: 840px) 100vw, 840px\" \/>\t\t\t\t\t\t\t\t\t\t\t\t\t\t\t<\/div>\n\t\t\t\t<\/div>\n\t\t\t\t\t<\/div>\n\t\t<\/div>\n\t\t\t\t<div class=\"elementor-column elementor-col-50 elementor-top-column elementor-element elementor-element-065f89c\" data-id=\"065f89c\" data-element_type=\"column\">\n\t\t\t<div class=\"elementor-widget-wrap elementor-element-populated\">\n\t\t\t\t\t\t\t\t<div class=\"elementor-element elementor-element-da71f17 elementor-widget elementor-widget-heading\" data-id=\"da71f17\" data-element_type=\"widget\" data-widget_type=\"heading.default\">\n\t\t\t\t<div class=\"elementor-widget-container\">\n\t\t\t<h2 class=\"elementor-heading-title elementor-size-default\">SERVI\u00c7OS<\/h2>\t\t<\/div>\n\t\t\t\t<\/div>\n\t\t\t\t<div class=\"elementor-element elementor-element-6f0e843 elementor-widget elementor-widget-jet-testimonials\" data-id=\"6f0e843\" data-element_type=\"widget\" data-widget_type=\"jet-testimonials.default\">\n\t\t\t\t<div class=\"elementor-widget-container\">\n\t\t\t<div class=\"elementor-jet-testimonials jet-elements\">\n<div class=\"jet-testimonials\">\n\t<div class=\"jet-testimonials__instance elementor-slick-slider\" data-settings='{\"slidesToShow\":{\"desktop\":1,\"tablet\":0,\"mobile\":0},\"autoplaySpeed\":2500,\"autoplay\":true,\"infinite\":true,\"adaptiveHeight\":false,\"pauseOnHover\":true,\"speed\":500,\"arrows\":false,\"dots\":false,\"slidesToScroll\":1,\"prevArrow\":\".jet-testimonial__prev-arrow-6f0e843\",\"nextArrow\":\".jet-testimonial__next-arrow-6f0e843\",\"rtl\":false,\"fade\":true}' dir=\"ltr\"><div class=\"jet-testimonials__item\">\n\t<div class=\"jet-testimonials__item-inner\">\n\t\t<div class=\"jet-testimonials__content\"><figure class=\"jet-testimonials__figure\"><img decoding=\"async\" class=\"jet-testimonials__tag-img\" src=\"http:\/\/vialana.com.br\/site\/wp-content\/uploads\/2021\/08\/terapia.jpg\" alt=\"terapia\" loading=\"lazy\"><\/figure><div class=\"jet-testimonials__comment\">A psicoterapia \u00e9 uma forma de buscar autoconhecimento, entendimento sobre si mesmo, mudan\u00e7a de comportamento \u00e0 luz da psicologia.<\/div><div class=\"jet-testimonials__name\"><span>Psicoterapia<\/span><\/div><\/div>\n\t<\/div>\n<\/div>\n\n<div class=\"jet-testimonials__item\">\n\t<div class=\"jet-testimonials__item-inner\">\n\t\t<div class=\"jet-testimonials__content\"><figure class=\"jet-testimonials__figure\"><img decoding=\"async\" class=\"jet-testimonials__tag-img\" src=\"http:\/\/vialana.com.br\/site\/wp-content\/uploads\/2021\/08\/ARTETERAOPA.jpg\" alt=\"ARTETERAOPA\" loading=\"lazy\"><\/figure><div class=\"jet-testimonials__comment\">Terapia que ocorre com a utiliza\u00e7\u00e3o dos recursos da arte, e que pode atender pessoas com dificuldade de express\u00e3o verbal de suas problem\u00e1ticas e traumas. Os recursos art\u00edsticos nesse processo n\u00e3o visam a t\u00e9cnica art\u00edstica e sim a express\u00e3o do emocional.<\/div><div class=\"jet-testimonials__name\"><span>Arteterapia<\/span><\/div><\/div>\n\t<\/div>\n<\/div>\n\n<div class=\"jet-testimonials__item\">\n\t<div class=\"jet-testimonials__item-inner\">\n\t\t<div class=\"jet-testimonials__content\"><figure class=\"jet-testimonials__figure\"><a href=\"https:\/\/ld-wp73.template-help.com\/beclinic\/skin_24\/services\/#your_hair\"><img decoding=\"async\" class=\"jet-testimonials__tag-img\" src=\"http:\/\/vialana.com.br\/site\/wp-content\/uploads\/2021\/08\/hipnose.jpg\" alt=\"hipnose\" loading=\"lazy\"><\/a><\/figure><div class=\"jet-testimonials__comment\">A hipnose \u00e9 um estado de relaxamento com acesso ao inconsciente que busca auxiliar quem procura a resolver problemas no \u00e2mbito f\u00edsico, psicol\u00f3gico ou emocional.<\/div><div class=\"jet-testimonials__name\"><a href=\"https:\/\/ld-wp73.template-help.com\/beclinic\/skin_24\/services\/#your_hair\"><span>Hipnose<\/span><\/a><\/div><\/div>\n\t<\/div>\n<\/div>\n\n<\/div>\n<\/div>\n<\/div>\t\t<\/div>\n\t\t\t\t<\/div>\n\t\t\t\t\t<\/div>\n\t\t<\/div>\n\t\t\t\t\t\t\t<\/div>\n\t\t<\/section>\n\t\t\t\t\t\t<\/div>\n\t\t\t\t\t<\/div>\n\t\t","protected":false},"excerpt":{"rendered":"<p>Psic\u00f3logahumanista Como Psic\u00f3loga Cl\u00ednica Humanista acredito na psicologia do sentido da vida e na autossupera\u00e7\u00e3o e resili\u00eancia humana. Conhe\u00e7a a Vialana Psic\u00f3loga humanistaHipnoterapeutaProfessora Sobre mim \u201cQuando n\u00e3o podemos mais mudar uma situa\u00e7\u00e3o, ent\u00e3o somos desafiados a mudar a n\u00f3s mesmos\u201d Viktor Frankl Como Psic\u00f3loga Cl\u00ednica Humanista acredito na psicologia do sentido da vida e na [&hellip;]<\/p>\n","protected":false},"author":1,"featured_media":0,"parent":0,"menu_order":0,"comment_status":"closed","ping_status":"closed","template":"elementor_header_footer","meta":{"footnotes":""},"class_list":["post-1449","page","type-page","status-publish","hentry","no-thumb"],"_links":{"self":[{"href":"http:\/\/vialana.com.br\/site\/wp-json\/wp\/v2\/pages\/1449","targetHints":{"allow":["GET"]}}],"collection":[{"href":"http:\/\/vialana.com.br\/site\/wp-json\/wp\/v2\/pages"}],"about":[{"href":"http:\/\/vialana.com.br\/site\/wp-json\/wp\/v2\/types\/page"}],"author":[{"embeddable":true,"href":"http:\/\/vialana.com.br\/site\/wp-json\/wp\/v2\/users\/1"}],"replies":[{"embeddable":true,"href":"http:\/\/vialana.com.br\/site\/wp-json\/wp\/v2\/comments?post=1449"}],"version-history":[{"count":79,"href":"http:\/\/vialana.com.br\/site\/wp-json\/wp\/v2\/pages\/1449\/revisions"}],"predecessor-version":[{"id":1730,"href":"http:\/\/vialana.com.br\/site\/wp-json\/wp\/v2\/pages\/1449\/revisions\/1730"}],"wp:attachment":[{"href":"http:\/\/vialana.com.br\/site\/wp-json\/wp\/v2\/media?parent=1449"}],"curies":[{"name":"wp","href":"https:\/\/api.w.org\/{rel}","templated":true}]}}