{"id":63,"date":"2021-03-10T11:00:44","date_gmt":"2021-03-10T11:00:44","guid":{"rendered":"https:\/\/ld-wp73.template-help.com\/beclinic\/skin_24\/?page_id=63"},"modified":"2021-12-08T17:29:13","modified_gmt":"2021-12-08T20:29:13","slug":"servicos","status":"publish","type":"page","link":"http:\/\/vialana.com.br\/site\/servicos\/","title":{"rendered":"Servi\u00e7os"},"content":{"rendered":"\t\t<div data-elementor-type=\"wp-page\" data-elementor-id=\"63\" class=\"elementor elementor-63\" data-elementor-settings=\"[]\">\n\t\t\t\t\t\t\t<div class=\"elementor-section-wrap\">\n\t\t\t\t\t\t\t<section class=\"elementor-section elementor-top-section elementor-element elementor-element-e1abfd9 elementor-section-boxed elementor-section-height-default elementor-section-height-default\" data-id=\"e1abfd9\" data-element_type=\"section\" data-settings=\"{&quot;background_background&quot;:&quot;classic&quot;}\">\n\t\t\t\t\t\t<div class=\"elementor-container elementor-column-gap-no\">\n\t\t\t\t\t<div class=\"elementor-column elementor-col-50 elementor-top-column elementor-element elementor-element-7e16a5b\" data-id=\"7e16a5b\" data-element_type=\"column\">\n\t\t\t<div class=\"elementor-widget-wrap elementor-element-populated\">\n\t\t\t\t\t\t\t\t<div class=\"elementor-element elementor-element-b4e9e05 elementor-widget__width-auto elementor-widget elementor-widget-text-editor\" data-id=\"b4e9e05\" data-element_type=\"widget\" data-widget_type=\"text-editor.default\">\n\t\t\t\t<div class=\"elementor-widget-container\">\n\t\t\t\t\t\t\t\t<p>Veja todas as \u00e1reas da psicologia que posso lhe ajudar.<\/p>\t\t\t\t\t\t<\/div>\n\t\t\t\t<\/div>\n\t\t\t\t\t<\/div>\n\t\t<\/div>\n\t\t\t\t<div class=\"elementor-column elementor-col-50 elementor-top-column elementor-element elementor-element-ea97cce elementor-hidden-tablet elementor-hidden-phone\" data-id=\"ea97cce\" data-element_type=\"column\">\n\t\t\t<div class=\"elementor-widget-wrap\">\n\t\t\t\t\t\t\t\t\t<\/div>\n\t\t<\/div>\n\t\t\t\t\t\t\t<\/div>\n\t\t<\/section>\n\t\t\t\t<section class=\"elementor-section elementor-top-section elementor-element elementor-element-faf5f4a elementor-section-boxed elementor-section-height-default elementor-section-height-default\" data-id=\"faf5f4a\" data-element_type=\"section\" id=\"your_hair\" data-settings=\"{&quot;background_background&quot;:&quot;classic&quot;}\">\n\t\t\t\t\t\t<div class=\"elementor-container elementor-column-gap-no\">\n\t\t\t\t\t<div class=\"elementor-column elementor-col-50 elementor-top-column elementor-element elementor-element-37ee727\" data-id=\"37ee727\" data-element_type=\"column\">\n\t\t\t<div class=\"elementor-widget-wrap elementor-element-populated\">\n\t\t\t\t\t\t\t\t<div class=\"elementor-element elementor-element-7d4e2bf elementor-widget elementor-widget-image\" data-id=\"7d4e2bf\" data-element_type=\"widget\" data-widget_type=\"image.default\">\n\t\t\t\t<div class=\"elementor-widget-container\">\n\t\t\t\t\t\t\t\t\t\t\t\t\t\t\t<img decoding=\"async\" src=\"http:\/\/vialana.com.br\/site\/wp-content\/uploads\/elementor\/thumbs\/terapisdfa-pb6hhq4k44dl7df7yxv2nn2kf945yu3wnhlfgtyshk.jpg\" title=\"terapisdfa\" alt=\"terapisdfa\" \/>\t\t\t\t\t\t\t\t\t\t\t\t\t\t\t<\/div>\n\t\t\t\t<\/div>\n\t\t\t\t\t<\/div>\n\t\t<\/div>\n\t\t\t\t<div class=\"elementor-column elementor-col-50 elementor-top-column elementor-element elementor-element-a16322d\" data-id=\"a16322d\" data-element_type=\"column\">\n\t\t\t<div class=\"elementor-widget-wrap elementor-element-populated\">\n\t\t\t\t\t\t\t\t<div class=\"elementor-element elementor-element-a910b9d elementor-widget elementor-widget-heading\" data-id=\"a910b9d\" data-element_type=\"widget\" data-widget_type=\"heading.default\">\n\t\t\t\t<div class=\"elementor-widget-container\">\n\t\t\t<h1 class=\"elementor-heading-title elementor-size-default\">Psicoterapia<\/h1>\t\t<\/div>\n\t\t\t\t<\/div>\n\t\t\t\t<div class=\"elementor-element elementor-element-bfc643e elementor-widget elementor-widget-text-editor\" data-id=\"bfc643e\" data-element_type=\"widget\" data-widget_type=\"text-editor.default\">\n\t\t\t\t<div class=\"elementor-widget-container\">\n\t\t\t\t\t\t\t\t<p>A psicoterapia \u00e9 uma forma de buscar autoconhecimento, entendimento sobre si mesmo, mudan\u00e7a de comportamento \u00e0 luz da psicologia.<br \/>Se estabelece pela fala (adultos) e pelo brincar (crian\u00e7as), bem como ao v\u00ednculo que se estabelece com o psic\u00f3logo, que conduz o processo psicoterap\u00eautico.<br \/>Pode contar com diversificadas abordagens, e linhas te\u00f3ricas, apesar de estar baseada essencialmente na linha humanista (nesse caso), conforme a situa\u00e7\u00e3o convier em rela\u00e7\u00e3o \u00e0s conex\u00f5es e insights do processo em andamento, outras abordagens podem ser utilizadas.<br \/>Trata-se de um v\u00ednculo seguro constru\u00eddo nessa rela\u00e7\u00e3o psic\u00f3logo e pessoa em atendimento, onde existe express\u00e3o verbal e n\u00e3o verbal, e entendimento e an\u00e1lise desses conte\u00fados que emergem do processo. <br \/>A Psicoterapia se aplica em qualquer situa\u00e7\u00e3o de dificuldade da vida, como ansiedade, estresse, luto, transi\u00e7\u00f5es de vida, carreira, t\u00e9rmino de relacionamentos, perdas, e mudan\u00e7as r\u00e1pidas, depress\u00e3o, transtornos de personalidade e patologias emocionais. <br \/>A modalidade de atendimento pode ser individual, grupal, de casal e a psicoterapia \u00e9 indicada para todas as idades.<\/p>\t\t\t\t\t\t<\/div>\n\t\t\t\t<\/div>\n\t\t\t\t\t<\/div>\n\t\t<\/div>\n\t\t\t\t\t\t\t<\/div>\n\t\t<\/section>\n\t\t\t\t<section class=\"elementor-section elementor-top-section elementor-element elementor-element-1049fa6 elementor-section-boxed elementor-section-height-default elementor-section-height-default\" data-id=\"1049fa6\" data-element_type=\"section\" id=\"hands_nails\" data-settings=\"{&quot;background_background&quot;:&quot;classic&quot;}\">\n\t\t\t\t\t\t<div class=\"elementor-container elementor-column-gap-no\">\n\t\t\t\t\t<div class=\"elementor-column elementor-col-50 elementor-top-column elementor-element elementor-element-ed7d2b7\" data-id=\"ed7d2b7\" data-element_type=\"column\">\n\t\t\t<div class=\"elementor-widget-wrap elementor-element-populated\">\n\t\t\t\t\t\t\t\t<div class=\"elementor-element elementor-element-af54b35 elementor-widget elementor-widget-heading\" data-id=\"af54b35\" data-element_type=\"widget\" data-widget_type=\"heading.default\">\n\t\t\t\t<div class=\"elementor-widget-container\">\n\t\t\t<h2 class=\"elementor-heading-title elementor-size-default\">Hipnose<\/h2>\t\t<\/div>\n\t\t\t\t<\/div>\n\t\t\t\t<div class=\"elementor-element elementor-element-c0ba990 elementor-widget__width-initial elementor-widget-tablet__width-inherit elementor-widget elementor-widget-text-editor\" data-id=\"c0ba990\" data-element_type=\"widget\" data-widget_type=\"text-editor.default\">\n\t\t\t\t<div class=\"elementor-widget-container\">\n\t\t\t\t\t\t\t\t<p>A hipnose \u00e9 um estado de relaxamento com acesso ao inconsciente que busca auxiliar quem procura a resolver problemas no \u00e2mbito f\u00edsico, psicol\u00f3gico ou emocional. \u00c9 um processo progressivo, que acontece por etapas que s\u00e3o:<br><br>Entrevista de Investiga\u00e7\u00e3o Hipn\u00f3tica: momento em que voc\u00ea exp\u00f5e sua quest\u00e3o para uma melhor compreens\u00e3o do profissional, al\u00e9m de entender melhor o processo e tirar suas d\u00favidas<br><br>Processo Hipn\u00f3tico: inicia-se a indu\u00e7\u00e3o \u00e0 hipnose, de forma progressiva e segura. \u00c9 aqui que se acessam as<br>emo\u00e7\u00f5es do inconsciente que est\u00e3o ligadas ao problema relatado.<br><br>Entrevista p\u00f3s-hipn\u00f3tica: momento de entendimento das quest\u00f5es trabalhadas e esclarecimento de d\u00favidas.<br><br>\u00c9 poss\u00edvel eliminar as dores dos traumas da vida, realizando uma sess\u00e3o hipn\u00f3tica de regress\u00e3o da idade atual at\u00e9 a concep\u00e7\u00e3o e com isso reduzir ansiedade e eliminar dores emocionais.<\/p>\t\t\t\t\t\t<\/div>\n\t\t\t\t<\/div>\n\t\t\t\t\t<\/div>\n\t\t<\/div>\n\t\t\t\t<div class=\"elementor-column elementor-col-50 elementor-top-column elementor-element elementor-element-7631a87\" data-id=\"7631a87\" data-element_type=\"column\">\n\t\t\t<div class=\"elementor-widget-wrap elementor-element-populated\">\n\t\t\t\t\t\t\t\t<div class=\"elementor-element elementor-element-2374a48 elementor-widget elementor-widget-image\" data-id=\"2374a48\" data-element_type=\"widget\" data-widget_type=\"image.default\">\n\t\t\t\t<div class=\"elementor-widget-container\">\n\t\t\t\t\t\t\t\t\t\t\t\t\t\t\t<img decoding=\"async\" src=\"http:\/\/vialana.com.br\/site\/wp-content\/uploads\/elementor\/thumbs\/hpsnos-pb6hlp00yxt683nosnmd6n0mptjygtv3v4r8ew2y7s.jpg\" title=\"hpsnos\" alt=\"hpsnos\" \/>\t\t\t\t\t\t\t\t\t\t\t\t\t\t\t<\/div>\n\t\t\t\t<\/div>\n\t\t\t\t\t<\/div>\n\t\t<\/div>\n\t\t\t\t\t\t\t<\/div>\n\t\t<\/section>\n\t\t\t\t<section class=\"elementor-section elementor-top-section elementor-element elementor-element-808c6a3 elementor-section-boxed elementor-section-height-default elementor-section-height-default\" data-id=\"808c6a3\" data-element_type=\"section\" data-settings=\"{&quot;background_background&quot;:&quot;classic&quot;}\">\n\t\t\t\t\t\t<div class=\"elementor-container elementor-column-gap-no\">\n\t\t\t\t\t<div class=\"elementor-column elementor-col-50 elementor-top-column elementor-element elementor-element-bbe716d\" data-id=\"bbe716d\" data-element_type=\"column\">\n\t\t\t<div class=\"elementor-widget-wrap elementor-element-populated\">\n\t\t\t\t\t\t\t\t<div class=\"elementor-element elementor-element-de6236d elementor-widget elementor-widget-image\" data-id=\"de6236d\" data-element_type=\"widget\" data-widget_type=\"image.default\">\n\t\t\t\t<div class=\"elementor-widget-container\">\n\t\t\t\t\t\t\t\t\t\t\t\t\t\t\t<img decoding=\"async\" src=\"http:\/\/vialana.com.br\/site\/wp-content\/uploads\/elementor\/thumbs\/art6-pb6hmopw6n62ha7t0326te05agnwlbswo1jonelznc.jpg\" title=\"art6\" alt=\"art6\" \/>\t\t\t\t\t\t\t\t\t\t\t\t\t\t\t<\/div>\n\t\t\t\t<\/div>\n\t\t\t\t\t<\/div>\n\t\t<\/div>\n\t\t\t\t<div class=\"elementor-column elementor-col-50 elementor-top-column elementor-element elementor-element-0f03e0d\" data-id=\"0f03e0d\" data-element_type=\"column\">\n\t\t\t<div class=\"elementor-widget-wrap elementor-element-populated\">\n\t\t\t\t\t\t\t\t<div class=\"elementor-element elementor-element-a87614f elementor-widget elementor-widget-heading\" data-id=\"a87614f\" data-element_type=\"widget\" data-widget_type=\"heading.default\">\n\t\t\t\t<div class=\"elementor-widget-container\">\n\t\t\t<h1 class=\"elementor-heading-title elementor-size-default\">Arteterapia<\/h1>\t\t<\/div>\n\t\t\t\t<\/div>\n\t\t\t\t<div class=\"elementor-element elementor-element-f94f90b elementor-widget elementor-widget-text-editor\" data-id=\"f94f90b\" data-element_type=\"widget\" data-widget_type=\"text-editor.default\">\n\t\t\t\t<div class=\"elementor-widget-container\">\n\t\t\t\t\t\t\t\t<p>Terapia que ocorre com a utiliza\u00e7\u00e3o dos recursos da arte, e que pode atender pessoas com dificuldade de express\u00e3o verbal de suas problem\u00e1ticas e traumas. Os recursos art\u00edsticos nesse processo n\u00e3o visam a t\u00e9cnica art\u00edstica e sim a express\u00e3o do emocional.<\/p><p>O uso da m\u00fasica, dan\u00e7a, artes pl\u00e1sticas, c\u00eanicas, e outros, possibilita simbolizar tudo o que n\u00e3o pode ser dito em palavras. Portanto, a atividade expressiva visa conduzir o indiv\u00edduo a uma conversa com seu mundo interno, possibilitando a resolu\u00e7\u00e3o de problemas e servindo como fonte de autoconhecimento.<\/p><p>Segundo a AATERGS a arteterapia \u00e9 a pr\u00e1tica terap\u00eautica que utiliza os recursos expressivos, a imagina\u00e7\u00e3o, a viv\u00eancia simb\u00f3lica e a verbaliza\u00e7\u00e3o nos processos pessoais facilitando o autoconhecimento e a possibilidade de transforma\u00e7\u00e3o para uma melhor qualidade de vida.<\/p>\t\t\t\t\t\t<\/div>\n\t\t\t\t<\/div>\n\t\t\t\t\t<\/div>\n\t\t<\/div>\n\t\t\t\t\t\t\t<\/div>\n\t\t<\/section>\n\t\t\t\t<section class=\"elementor-section elementor-top-section elementor-element elementor-element-d439e50 elementor-section-boxed elementor-section-height-default elementor-section-height-default\" data-id=\"d439e50\" data-element_type=\"section\">\n\t\t\t\t\t\t<div class=\"elementor-container elementor-column-gap-default\">\n\t\t\t\t\t<div class=\"elementor-column elementor-col-50 elementor-top-column elementor-element elementor-element-28692c8\" data-id=\"28692c8\" data-element_type=\"column\">\n\t\t\t<div class=\"elementor-widget-wrap elementor-element-populated\">\n\t\t\t\t\t\t\t\t<div class=\"elementor-element elementor-element-c5435dc elementor-widget elementor-widget-heading\" data-id=\"c5435dc\" data-element_type=\"widget\" data-widget_type=\"heading.default\">\n\t\t\t\t<div class=\"elementor-widget-container\">\n\t\t\t<h2 class=\"elementor-heading-title elementor-size-default\">Conhe\u00e7a \nos pacotes<\/h2>\t\t<\/div>\n\t\t\t\t<\/div>\n\t\t\t\t\t<\/div>\n\t\t<\/div>\n\t\t\t\t<div class=\"elementor-column elementor-col-50 elementor-top-column elementor-element elementor-element-7fe54dd\" data-id=\"7fe54dd\" data-element_type=\"column\">\n\t\t\t<div class=\"elementor-widget-wrap elementor-element-populated\">\n\t\t\t\t\t\t\t\t<div class=\"elementor-element elementor-element-bc035ab elementor-widget elementor-widget-jet-testimonials\" data-id=\"bc035ab\" data-element_type=\"widget\" data-widget_type=\"jet-testimonials.default\">\n\t\t\t\t<div class=\"elementor-widget-container\">\n\t\t\t<div class=\"elementor-jet-testimonials jet-elements\">\n<div class=\"jet-testimonials\">\n\t<div class=\"jet-testimonials__instance elementor-slick-slider\" data-settings='{\"slidesToShow\":{\"desktop\":1,\"tablet\":0,\"mobile\":0},\"autoplaySpeed\":2500,\"autoplay\":true,\"infinite\":true,\"adaptiveHeight\":false,\"pauseOnHover\":true,\"speed\":1000,\"arrows\":false,\"dots\":true,\"slidesToScroll\":1,\"prevArrow\":\".jet-testimonial__prev-arrow-bc035ab\",\"nextArrow\":\".jet-testimonial__next-arrow-bc035ab\",\"rtl\":false,\"fade\":true}' dir=\"ltr\"><div class=\"jet-testimonials__item\">\n\t<div class=\"jet-testimonials__item-inner\">\n\t\t<div class=\"jet-testimonials__content\"><figure class=\"jet-testimonials__figure\"><img decoding=\"async\" class=\"jet-testimonials__tag-img\" src=\"http:\/\/vialana.com.br\/site\/wp-content\/uploads\/2021\/12\/autocuidado.jpeg\" alt=\"autocuidado\" loading=\"lazy\"><\/figure><\/div>\n\t<\/div>\n<\/div>\n\n<div class=\"jet-testimonials__item\">\n\t<div class=\"jet-testimonials__item-inner\">\n\t\t<div class=\"jet-testimonials__content\"><figure class=\"jet-testimonials__figure\"><img decoding=\"async\" class=\"jet-testimonials__tag-img\" src=\"http:\/\/vialana.com.br\/site\/wp-content\/uploads\/2021\/12\/VIDA.jpeg\" alt=\"VIDA\" loading=\"lazy\"><\/figure><\/div>\n\t<\/div>\n<\/div>\n\n<div class=\"jet-testimonials__item\">\n\t<div class=\"jet-testimonials__item-inner\">\n\t\t<div class=\"jet-testimonials__content\"><figure class=\"jet-testimonials__figure\"><img decoding=\"async\" class=\"jet-testimonials__tag-img\" src=\"http:\/\/vialana.com.br\/site\/wp-content\/uploads\/2021\/12\/CONSCIENCIA.jpeg\" alt=\"CONSCIENCIA\" loading=\"lazy\"><\/figure><\/div>\n\t<\/div>\n<\/div>\n\n<div class=\"jet-testimonials__item\">\n\t<div class=\"jet-testimonials__item-inner\">\n\t\t<div class=\"jet-testimonials__content\"><figure class=\"jet-testimonials__figure\"><img decoding=\"async\" class=\"jet-testimonials__tag-img\" src=\"http:\/\/vialana.com.br\/site\/wp-content\/uploads\/2021\/12\/BEM-ESTAR-BEM.jpeg\" alt=\"BEM ESTAR BEM\" loading=\"lazy\"><\/figure><\/div>\n\t<\/div>\n<\/div>\n\n<div class=\"jet-testimonials__item\">\n\t<div class=\"jet-testimonials__item-inner\">\n\t\t<div class=\"jet-testimonials__content\"><figure class=\"jet-testimonials__figure\"><img decoding=\"async\" class=\"jet-testimonials__tag-img\" src=\"http:\/\/vialana.com.br\/site\/wp-content\/uploads\/2021\/12\/RECONEXAO.jpeg\" alt=\"RECONEXAO\" loading=\"lazy\"><\/figure><\/div>\n\t<\/div>\n<\/div>\n\n<div class=\"jet-testimonials__item\">\n\t<div class=\"jet-testimonials__item-inner\">\n\t\t<div class=\"jet-testimonials__content\"><figure class=\"jet-testimonials__figure\"><img decoding=\"async\" class=\"jet-testimonials__tag-img\" src=\"http:\/\/vialana.com.br\/site\/wp-content\/uploads\/2021\/12\/SUCESSO.jpeg\" alt=\"SUCESSO\" loading=\"lazy\"><\/figure><\/div>\n\t<\/div>\n<\/div>\n\n<div class=\"jet-testimonials__item\">\n\t<div class=\"jet-testimonials__item-inner\">\n\t\t<div class=\"jet-testimonials__content\"><figure class=\"jet-testimonials__figure\"><img decoding=\"async\" class=\"jet-testimonials__tag-img\" src=\"http:\/\/vialana.com.br\/site\/wp-content\/uploads\/2021\/12\/ESCOLHA.jpeg\" alt=\"ESCOLHA\" loading=\"lazy\"><\/figure><\/div>\n\t<\/div>\n<\/div>\n\n<\/div>\n<\/div>\n<\/div>\t\t<\/div>\n\t\t\t\t<\/div>\n\t\t\t\t\t<\/div>\n\t\t<\/div>\n\t\t\t\t\t\t\t<\/div>\n\t\t<\/section>\n\t\t\t\t<section class=\"elementor-section elementor-top-section elementor-element elementor-element-68f0d67 elementor-section-boxed elementor-section-height-default elementor-section-height-default\" data-id=\"68f0d67\" data-element_type=\"section\">\n\t\t\t\t\t\t<div class=\"elementor-container elementor-column-gap-default\">\n\t\t\t\t\t<div class=\"elementor-column elementor-col-100 elementor-top-column elementor-element elementor-element-65a0d29\" data-id=\"65a0d29\" data-element_type=\"column\">\n\t\t\t<div class=\"elementor-widget-wrap\">\n\t\t\t\t\t\t\t\t\t<\/div>\n\t\t<\/div>\n\t\t\t\t\t\t\t<\/div>\n\t\t<\/section>\n\t\t\t\t\t\t<\/div>\n\t\t\t\t\t<\/div>\n\t\t","protected":false},"excerpt":{"rendered":"<p>Veja todas as \u00e1reas da psicologia que posso lhe ajudar. Psicoterapia A psicoterapia \u00e9 uma forma de buscar autoconhecimento, entendimento sobre si mesmo, mudan\u00e7a de comportamento \u00e0 luz da psicologia.Se estabelece pela fala (adultos) e pelo brincar (crian\u00e7as), bem como ao v\u00ednculo que se estabelece com o psic\u00f3logo, que conduz o processo psicoterap\u00eautico.Pode contar com [&hellip;]<\/p>\n","protected":false},"author":1,"featured_media":0,"parent":0,"menu_order":0,"comment_status":"closed","ping_status":"closed","template":"elementor_header_footer","meta":{"footnotes":""},"class_list":["post-63","page","type-page","status-publish","hentry","no-thumb"],"_links":{"self":[{"href":"http:\/\/vialana.com.br\/site\/wp-json\/wp\/v2\/pages\/63","targetHints":{"allow":["GET"]}}],"collection":[{"href":"http:\/\/vialana.com.br\/site\/wp-json\/wp\/v2\/pages"}],"about":[{"href":"http:\/\/vialana.com.br\/site\/wp-json\/wp\/v2\/types\/page"}],"author":[{"embeddable":true,"href":"http:\/\/vialana.com.br\/site\/wp-json\/wp\/v2\/users\/1"}],"replies":[{"embeddable":true,"href":"http:\/\/vialana.com.br\/site\/wp-json\/wp\/v2\/comments?post=63"}],"version-history":[{"count":42,"href":"http:\/\/vialana.com.br\/site\/wp-json\/wp\/v2\/pages\/63\/revisions"}],"predecessor-version":[{"id":1727,"href":"http:\/\/vialana.com.br\/site\/wp-json\/wp\/v2\/pages\/63\/revisions\/1727"}],"wp:attachment":[{"href":"http:\/\/vialana.com.br\/site\/wp-json\/wp\/v2\/media?parent=63"}],"curies":[{"name":"wp","href":"https:\/\/api.w.org\/{rel}","templated":true}]}}