{"id":65,"date":"2021-03-10T11:01:22","date_gmt":"2021-03-10T11:01:22","guid":{"rendered":"https:\/\/ld-wp73.template-help.com\/beclinic\/skin_24\/?page_id=65"},"modified":"2021-11-15T17:25:21","modified_gmt":"2021-11-15T20:25:21","slug":"a-vialana","status":"publish","type":"page","link":"http:\/\/vialana.com.br\/site\/a-vialana\/","title":{"rendered":"A Vialana"},"content":{"rendered":"\t\t<div data-elementor-type=\"wp-page\" data-elementor-id=\"65\" class=\"elementor elementor-65\" data-elementor-settings=\"[]\">\n\t\t\t\t\t\t\t<div class=\"elementor-section-wrap\">\n\t\t\t\t\t\t\t<section class=\"elementor-section elementor-top-section elementor-element elementor-element-80ce05e elementor-section-boxed elementor-section-height-default elementor-section-height-default\" data-id=\"80ce05e\" data-element_type=\"section\" data-settings=\"{&quot;background_background&quot;:&quot;classic&quot;}\">\n\t\t\t\t\t\t<div class=\"elementor-container elementor-column-gap-no\">\n\t\t\t\t\t<div class=\"elementor-column elementor-col-50 elementor-top-column elementor-element elementor-element-d6551da\" data-id=\"d6551da\" data-element_type=\"column\">\n\t\t\t<div class=\"elementor-widget-wrap elementor-element-populated\">\n\t\t\t\t\t\t\t\t<div class=\"elementor-element elementor-element-ef24317 elementor-widget__width-auto elementor-widget elementor-widget-text-editor\" data-id=\"ef24317\" data-element_type=\"widget\" data-widget_type=\"text-editor.default\">\n\t\t\t\t<div class=\"elementor-widget-container\">\n\t\t\t\t\t\t\t\t<p>Conhe\u00e7a mais sobre a Vialana<\/p>\t\t\t\t\t\t<\/div>\n\t\t\t\t<\/div>\n\t\t\t\t\t<\/div>\n\t\t<\/div>\n\t\t\t\t<div class=\"elementor-column elementor-col-50 elementor-top-column elementor-element elementor-element-15c6f6f elementor-hidden-tablet elementor-hidden-phone\" data-id=\"15c6f6f\" data-element_type=\"column\">\n\t\t\t<div class=\"elementor-widget-wrap\">\n\t\t\t\t\t\t\t\t\t<\/div>\n\t\t<\/div>\n\t\t\t\t\t\t\t<\/div>\n\t\t<\/section>\n\t\t\t\t<section class=\"elementor-section elementor-top-section elementor-element elementor-element-d7d4249 elementor-section-boxed elementor-section-height-default elementor-section-height-default\" data-id=\"d7d4249\" data-element_type=\"section\" data-settings=\"{&quot;background_background&quot;:&quot;classic&quot;}\">\n\t\t\t\t\t\t<div class=\"elementor-container elementor-column-gap-no\">\n\t\t\t\t\t<div class=\"elementor-column elementor-col-50 elementor-top-column elementor-element elementor-element-dd7efb4\" data-id=\"dd7efb4\" data-element_type=\"column\">\n\t\t\t<div class=\"elementor-widget-wrap elementor-element-populated\">\n\t\t\t\t\t\t\t\t<div class=\"elementor-element elementor-element-c352ad9 elementor-widget elementor-widget-image\" data-id=\"c352ad9\" data-element_type=\"widget\" data-widget_type=\"image.default\">\n\t\t\t\t<div class=\"elementor-widget-container\">\n\t\t\t\t\t\t\t\t\t\t\t\t\t\t\t<img loading=\"lazy\" decoding=\"async\" width=\"1711\" height=\"2560\" src=\"http:\/\/vialana.com.br\/site\/wp-content\/uploads\/2021\/08\/DR7A2868-scaled.jpg\" class=\"attachment-full size-full\" alt=\"\" srcset=\"http:\/\/vialana.com.br\/site\/wp-content\/uploads\/2021\/08\/DR7A2868-scaled.jpg 1711w, http:\/\/vialana.com.br\/site\/wp-content\/uploads\/2021\/08\/DR7A2868-200x300.jpg 200w, http:\/\/vialana.com.br\/site\/wp-content\/uploads\/2021\/08\/DR7A2868-684x1024.jpg 684w, http:\/\/vialana.com.br\/site\/wp-content\/uploads\/2021\/08\/DR7A2868-768x1149.jpg 768w, http:\/\/vialana.com.br\/site\/wp-content\/uploads\/2021\/08\/DR7A2868-1026x1536.jpg 1026w, http:\/\/vialana.com.br\/site\/wp-content\/uploads\/2021\/08\/DR7A2868-1368x2048.jpg 1368w, http:\/\/vialana.com.br\/site\/wp-content\/uploads\/2021\/08\/DR7A2868-370x554.jpg 370w, http:\/\/vialana.com.br\/site\/wp-content\/uploads\/2021\/08\/DR7A2868-60x91.jpg 60w, http:\/\/vialana.com.br\/site\/wp-content\/uploads\/2021\/08\/DR7A2868-600x898.jpg 600w\" sizes=\"auto, (max-width: 1711px) 100vw, 1711px\" \/>\t\t\t\t\t\t\t\t\t\t\t\t\t\t\t<\/div>\n\t\t\t\t<\/div>\n\t\t\t\t\t<\/div>\n\t\t<\/div>\n\t\t\t\t<div class=\"elementor-column elementor-col-50 elementor-top-column elementor-element elementor-element-9ff9a30\" data-id=\"9ff9a30\" data-element_type=\"column\">\n\t\t\t<div class=\"elementor-widget-wrap\">\n\t\t\t\t\t\t\t\t\t<\/div>\n\t\t<\/div>\n\t\t\t\t\t\t\t<\/div>\n\t\t<\/section>\n\t\t\t\t<section class=\"elementor-section elementor-top-section elementor-element elementor-element-64ddbb9 elementor-section-boxed elementor-section-height-default elementor-section-height-default\" data-id=\"64ddbb9\" data-element_type=\"section\" data-settings=\"{&quot;background_background&quot;:&quot;classic&quot;}\">\n\t\t\t\t\t\t<div class=\"elementor-container elementor-column-gap-no\">\n\t\t\t\t\t<div class=\"elementor-column elementor-col-100 elementor-top-column elementor-element elementor-element-8d04ff3\" data-id=\"8d04ff3\" data-element_type=\"column\">\n\t\t\t<div class=\"elementor-widget-wrap elementor-element-populated\">\n\t\t\t\t\t\t\t\t<div class=\"elementor-element elementor-element-0a846ff elementor-widget__width-initial elementor-widget elementor-widget-text-editor\" data-id=\"0a846ff\" data-element_type=\"widget\" data-widget_type=\"text-editor.default\">\n\t\t\t\t<div class=\"elementor-widget-container\">\n\t\t\t\t\t\t\t\t\t\t\t\t\t\t<\/div>\n\t\t\t\t<\/div>\n\t\t\t\t<div class=\"elementor-element elementor-element-3ecad46 elementor-widget elementor-widget-text-editor\" data-id=\"3ecad46\" data-element_type=\"widget\" data-widget_type=\"text-editor.default\">\n\t\t\t\t<div class=\"elementor-widget-container\">\n\t\t\t\t\t\t\t\t<p>\u201cQuando n\u00e3o podemos mais mudar uma situa\u00e7\u00e3o, ent\u00e3o somos desfiados a mudar a n\u00f3s mesmos\u201d<br \/>Viktor Frankl<\/p>\t\t\t\t\t\t<\/div>\n\t\t\t\t<\/div>\n\t\t\t\t<div class=\"elementor-element elementor-element-8cca637 elementor-widget__width-initial elementor-widget elementor-widget-text-editor\" data-id=\"8cca637\" data-element_type=\"widget\" data-widget_type=\"text-editor.default\">\n\t\t\t\t<div class=\"elementor-widget-container\">\n\t\t\t\t\t\t\t\t<p>Sou algu\u00e9m que acima de tudo ama pessoas, da\u00ed o motivo de me dedicar \u00e0 psicologia. Sobre situa\u00e7\u00f5es que n\u00e3o temos mais como mudar sou experiente e costumo fazer as melhorias necess\u00e1rias, para buscar a cada dia uma melhor vers\u00e3o de mim mesma.<br \/><br \/>Possuo uma grande capacidade de supera\u00e7\u00e3o e sou resiliente. <br \/><br \/>Perceptiva, inteligente, afetiva e acolhedora, sempre ofere\u00e7o um colo para quem precisa.<br \/><br \/>Valorizo a empatia, o cuidar de si e a colabora\u00e7\u00e3o, sei que ningu\u00e9m \u00e9 uma ilha e que juntos vamos mais longe. Com a maturidade desenvolvi paci\u00eancia e capacidade para demandas pessoais e dos demais.<br \/><br \/>Sei que o que nos tornamos reverbera no mundo e por isso procuro ser melhor todos os dias. Contribuo para um mundo mais humanizado, ecol\u00f3gico, sustent\u00e1vel e harmonioso por meio de minhas atitudes, escolhas e influ\u00eancia.<br \/>Sinto uma responsabilidade social que procuro atender por meio da doc\u00eancia na concep\u00e7\u00e3o da emancipa\u00e7\u00e3o e autonomia dos educandos, bem como pelo cuidado do pr\u00f3ximo na cl\u00ednica psicol\u00f3gica.<br \/><br \/>Apaixonada por conhecer estou sempre estudando, encontrando novas t\u00e9cnicas, interven\u00e7\u00f5es psicol\u00f3gicas e hipn\u00f3ticas, com desejo de colaborar e resolver problem\u00e1ticas daqueles que vem me procurar como psic\u00f3loga. Acredito que conhecimento nunca ocupa espa\u00e7o e que quanto mais aprendemos, melhor nos tornamos inclusive agregando ao universo nas a\u00e7\u00f5es cotidianas.<br \/><br \/>Creio que viver \u00e9 sempre a melhor op\u00e7\u00e3o, ser feliz a cada pequena coisinha que a vida nos oferece ou a cada degrau que se avan\u00e7a, traz harmonia e bem-estar, e buscar se curar fortalece e nos faz evoluir.<br \/><br \/>Amo gente, a vida, a mim mesma, a natureza, ao universo, o conhecimento, a psicologia e a doc\u00eancia. E assim a vida se torna uma incr\u00edvel experimenta\u00e7\u00e3o, com a qual aprendemos e nela provamos diversificados sabores, alguns s\u00e3o \u00f3timos outros nem tanto. Mas sempre quero experienciar e fazer minhas escolhas.<br \/><br \/>Sou amor, sou luz, sou eu mesma a cada novo passo e com a trajet\u00f3ria que trilhei na vida e que sigo a trilhar, pois a vida vale a pena!!!<\/p>\t\t\t\t\t\t<\/div>\n\t\t\t\t<\/div>\n\t\t\t\t\t<\/div>\n\t\t<\/div>\n\t\t\t\t\t\t\t<\/div>\n\t\t<\/section>\n\t\t\t\t<section class=\"elementor-section elementor-top-section elementor-element elementor-element-7a0b893 elementor-section-boxed elementor-section-height-default elementor-section-height-default\" data-id=\"7a0b893\" data-element_type=\"section\" data-settings=\"{&quot;background_background&quot;:&quot;classic&quot;}\">\n\t\t\t\t\t\t<div class=\"elementor-container elementor-column-gap-default\">\n\t\t\t\t\t<div class=\"elementor-column elementor-col-100 elementor-top-column elementor-element elementor-element-414c7c4\" data-id=\"414c7c4\" data-element_type=\"column\">\n\t\t\t<div class=\"elementor-widget-wrap elementor-element-populated\">\n\t\t\t\t\t\t\t\t<div class=\"elementor-element elementor-element-1f28088 elementor-widget elementor-widget-heading\" data-id=\"1f28088\" data-element_type=\"widget\" data-widget_type=\"heading.default\">\n\t\t\t\t<div class=\"elementor-widget-container\">\n\t\t\t<h2 class=\"elementor-heading-title elementor-size-default\">Conhe\u00e7a nosso espa\u00e7o<\/h2>\t\t<\/div>\n\t\t\t\t<\/div>\n\t\t\t\t\t<\/div>\n\t\t<\/div>\n\t\t\t\t\t\t\t<\/div>\n\t\t<\/section>\n\t\t\t\t<section class=\"elementor-section elementor-top-section elementor-element elementor-element-0f64596 elementor-section-boxed elementor-section-height-default elementor-section-height-default\" data-id=\"0f64596\" data-element_type=\"section\" data-settings=\"{&quot;background_background&quot;:&quot;classic&quot;}\">\n\t\t\t\t\t\t<div class=\"elementor-container elementor-column-gap-default\">\n\t\t\t\t\t<div class=\"elementor-column elementor-col-100 elementor-top-column elementor-element elementor-element-f1bb4d1\" data-id=\"f1bb4d1\" data-element_type=\"column\">\n\t\t\t<div class=\"elementor-widget-wrap elementor-element-populated\">\n\t\t\t\t\t\t\t\t<div class=\"elementor-element elementor-element-1ccf593 elementor-pagination-position-outside elementor-widget elementor-widget-image-carousel\" data-id=\"1ccf593\" data-element_type=\"widget\" data-settings=\"{&quot;slides_to_show&quot;:&quot;1&quot;,&quot;navigation&quot;:&quot;dots&quot;,&quot;autoplay&quot;:&quot;yes&quot;,&quot;pause_on_hover&quot;:&quot;yes&quot;,&quot;pause_on_interaction&quot;:&quot;yes&quot;,&quot;autoplay_speed&quot;:5000,&quot;infinite&quot;:&quot;yes&quot;,&quot;effect&quot;:&quot;slide&quot;,&quot;speed&quot;:500}\" data-widget_type=\"image-carousel.default\">\n\t\t\t\t<div class=\"elementor-widget-container\">\n\t\t\t\t\t<div class=\"elementor-image-carousel-wrapper swiper-container\" dir=\"ltr\">\n\t\t\t<div class=\"elementor-image-carousel swiper-wrapper\">\n\t\t\t\t<div class=\"swiper-slide\"><figure class=\"swiper-slide-inner\"><img decoding=\"async\" class=\"swiper-slide-image\" src=\"http:\/\/vialana.com.br\/site\/wp-content\/uploads\/elementor\/thumbs\/1-pb6ik6ozi2x518mrf04ba3lihgmk6s1a4djlzoqtgu.jpg\" alt=\"1\" \/><\/figure><\/div><div class=\"swiper-slide\"><figure class=\"swiper-slide-inner\"><img decoding=\"async\" class=\"swiper-slide-image\" src=\"http:\/\/vialana.com.br\/site\/wp-content\/uploads\/elementor\/thumbs\/4-pb6ikbe6g93knafxnk5g4ketgdze99jxt0t1e2julq.jpg\" alt=\"4\" \/><\/figure><\/div><div class=\"swiper-slide\"><figure class=\"swiper-slide-inner\"><img decoding=\"async\" class=\"swiper-slide-image\" src=\"http:\/\/vialana.com.br\/site\/wp-content\/uploads\/elementor\/thumbs\/3-pb6ikg3defa09c93w46kz184fbc8br2lho2gsgcvqm.jpg\" alt=\"3\" \/><\/figure><\/div><div class=\"swiper-slide\"><figure class=\"swiper-slide-inner\"><img decoding=\"async\" class=\"swiper-slide-image\" src=\"http:\/\/vialana.com.br\/site\/wp-content\/uploads\/elementor\/thumbs\/2-pb6iknm2x3kau7y6o7flizbt6eb61bwg6pacmo1qcu.jpg\" alt=\"2\" \/><\/figure><\/div>\t\t\t<\/div>\n\t\t\t\t\t\t\t\t\t\t\t\t<div class=\"swiper-pagination\"><\/div>\n\t\t\t\t\t\t\t\t\t\t\t\t\t<\/div>\n\t\t\t\t<\/div>\n\t\t\t\t<\/div>\n\t\t\t\t\t<\/div>\n\t\t<\/div>\n\t\t\t\t\t\t\t<\/div>\n\t\t<\/section>\n\t\t\t\t\t\t<\/div>\n\t\t\t\t\t<\/div>\n\t\t","protected":false},"excerpt":{"rendered":"<p>Conhe\u00e7a mais sobre a Vialana \u201cQuando n\u00e3o podemos mais mudar uma situa\u00e7\u00e3o, ent\u00e3o somos desfiados a mudar a n\u00f3s mesmos\u201d Viktor Frankl Sou algu\u00e9m que acima de tudo ama pessoas, da\u00ed o motivo de me dedicar \u00e0 psicologia. Sobre situa\u00e7\u00f5es que n\u00e3o temos mais como mudar sou experiente e costumo fazer as melhorias necess\u00e1rias, para [&hellip;]<\/p>\n","protected":false},"author":1,"featured_media":0,"parent":0,"menu_order":0,"comment_status":"closed","ping_status":"closed","template":"elementor_header_footer","meta":{"footnotes":""},"class_list":["post-65","page","type-page","status-publish","hentry","no-thumb"],"_links":{"self":[{"href":"http:\/\/vialana.com.br\/site\/wp-json\/wp\/v2\/pages\/65","targetHints":{"allow":["GET"]}}],"collection":[{"href":"http:\/\/vialana.com.br\/site\/wp-json\/wp\/v2\/pages"}],"about":[{"href":"http:\/\/vialana.com.br\/site\/wp-json\/wp\/v2\/types\/page"}],"author":[{"embeddable":true,"href":"http:\/\/vialana.com.br\/site\/wp-json\/wp\/v2\/users\/1"}],"replies":[{"embeddable":true,"href":"http:\/\/vialana.com.br\/site\/wp-json\/wp\/v2\/comments?post=65"}],"version-history":[{"count":36,"href":"http:\/\/vialana.com.br\/site\/wp-json\/wp\/v2\/pages\/65\/revisions"}],"predecessor-version":[{"id":1704,"href":"http:\/\/vialana.com.br\/site\/wp-json\/wp\/v2\/pages\/65\/revisions\/1704"}],"wp:attachment":[{"href":"http:\/\/vialana.com.br\/site\/wp-json\/wp\/v2\/media?parent=65"}],"curies":[{"name":"wp","href":"https:\/\/api.w.org\/{rel}","templated":true}]}}